{"id":867,"date":"2021-01-21T09:47:44","date_gmt":"2021-01-21T09:47:44","guid":{"rendered":"https:\/\/verdesliriosvillas.com\/politica-de-cookies\/"},"modified":"2021-06-07T12:59:39","modified_gmt":"2021-06-07T11:59:39","slug":"cookies-policy","status":"publish","type":"page","link":"https:\/\/verdesliriosvillas.com\/en\/cookies-policy\/","title":{"rendered":"Cookies Policy"},"content":{"rendered":"\n<h3 class=\"wp-block-heading\">What are cookies?<\/h3>\n\n\n\n<p>Cookies are small pieces of text stored on your computer through your browser.<\/p>\n\n\n\n<p>Usually, they are used to facilitate navigation and store information between visits, about options or preferences of the visitor.<\/p>\n\n\n\n<p>Verde L\u00edrios Villas uses cookies on its website to improve the information provided and allow faster and more efficient navigation, eliminating the need to repeatedly enter the same information.<\/p>\n\n\n\n<p>Verde L\u00edrios Villas has no control over the creation of cookies that are used by content providers that may be inserted or shared on our site, namely content from Facebook, Instagram, Youtube or other social networks. By accessing these publications with such third party content, cookies from these websites may be created.<\/p>\n\n\n\n<p>Verde L\u00edrios Villas uses cookies from the Google Analytics tool, which allow the analysis of the number of visits to the site, as well as understanding how they move while browsing. These tools allow Verde L\u00edrios Villas to work on continuous.<\/p>\n\n\n\n<p>improvement to improve the functioning of the website.<\/p>\n\n\n\n<h3 class=\"wp-block-heading\">What are the cookies and why who we use them?<\/h3>\n\n\n\n<figure class=\"wp-block-table\"><table><thead><tr><th>Id. Cookie<\/th><th>Armazenamento<\/th><th>Per\u00edodo de Reten\u00e7\u00e3o<\/th><th>Finalidade<\/th><th>Propriet\u00e1rio<\/th><\/tr><\/thead><tbody><tr><td>cookieConsent<\/td><td>cookie<\/td><td>1 ano<\/td><td>Guardar prefer\u00eancias de cookies<\/td><td>Verdes Lir\u00edos Villas<\/td><\/tr><tr><td>mphb_session<\/td><td>cookie<\/td><td>Sess\u00e3o<\/td><td>Controlar sistema de reservas<\/td><td><\/td><\/tr><tr><td>__stripe_sid<\/td><td>cookie<\/td><td>Sess\u00e3o<\/td><td>Prevenir fraudes no sistema de pagamentos fornecido pela Stripe<\/td><td><\/td><\/tr><tr><td>__stripe_mid<\/td><td>cookie<\/td><td>Sess\u00e3o<\/td><td>Prevenir fraudes no sistema de pagamentos fornecido pela Stripe<\/td><td><\/td><\/tr><tr><td><\/td><td><\/td><td><\/td><td><\/td><td><\/td><\/tr><tr><td>_ga<\/td><td>cookie<\/td><td>2 anos<\/td><td>Usado para distinguir utilizadores<\/td><td>Google<\/td><\/tr><tr><td>_gid<\/td><td>cookie<\/td><td>24 horas<\/td><td>Usado para distinguir utilizadores<\/td><td>Google<\/td><\/tr><tr><td>_gat<\/td><td>cookie<\/td><td>1 minuto<\/td><td>Usado para controlar a taxa de solicita\u00e7\u00e3o<\/td><td>Google<\/td><\/tr><tr><td>wp-wpml_current_language<\/td><td>cookie<\/td><td>24 horas<\/td><td>Guarda a l\u00edngua atual<\/td><td>WPML<\/td><\/tr><tr><td>wp-wpml_current_admin_language_{hash}<\/td><td>cookie<\/td><td>24 horas<\/td><td>Guarda a l\u00edngua atual da \u00e1rea de administra\u00e7\u00e3o do WordPress.<\/td><td>WPML<\/td><\/tr><tr><td>liveagent_ptid<\/td><td>cookie<\/td><td>3652 dias<\/td><td>Webchat<\/td><td>Webchat<\/td><\/tr><tr><td>liveagent_oref<\/td><td>cookie<\/td><td>3652 dias<\/td><td>Webchat<\/td><td>Webchat<\/td><\/tr><tr><td>liveagent_vc<\/td><td>cookie<\/td><td>3652 dias<\/td><td>Webchat<\/td><td>Webchat<\/td><\/tr><tr><td>sl<\/td><td>cookie<\/td><td>365 dias<\/td><td>Usado pelo linkedin seguir o utilizador<\/td><td>Linkedin<\/td><\/tr><tr><td>spectroscopyId<\/td><td>cookie<\/td><td>Sess\u00e3o<\/td><td>Cookie \u00e9 utilizado para rastrear visitantes provenientes do LinkedIn, para que an\u00fancios mais relevantes possam ser apresentados com base nas prefer\u00eancias do visitante.<br>O principal objetivo deste cookie \u00e9: Segmenta\u00e7\u00e3o \/ Publicidade<\/td><td>Linkedin<\/td><\/tr><tr><td>JSESSIONID<\/td><td>cookie<\/td><td>365 dias<\/td><td>Cookie usado para Entrar com o Linkedin e \/ ou para o recurso de acompanhamento do Linkedin<\/td><td>Linkedin<\/td><\/tr><tr><td>bscookie<\/td><td>cookie<\/td><td>731 dias<\/td><td>Cookie seguro de ID do navegador<\/td><td>Linkedin<\/td><\/tr><tr><td><\/td><td><\/td><td><\/td><td><\/td><td><\/td><\/tr><tr><td>lidc<\/td><td>cookie<\/td><td>1 minuto<\/td><td>Usado para roteamento para permitir ao LinkedIn ativar a funcionalidade de login, acompanhar o comportamento do usu\u00e1rio e reunir an\u00e1lises de publicidade.<\/td><td>Linkedin<\/td><\/tr><tr><td>UserMatchHistory<\/td><td>cookie<\/td><td>30 dias<\/td><td>Usado para an\u00e1lise de utilizadores do LinkedIn Insights e Tags de an\u00fancios<\/td><td>Linkedin<\/td><\/tr><tr><td>lang<\/td><td>cookie<\/td><td>Sess\u00e3o<\/td><td>Guarda prefer\u00eancia de idioma<\/td><td>Linkedin<\/td><\/tr><tr><td>li_oatml<\/td><td>cookie<\/td><td>30 dias<\/td><td>Usado para an\u00e1lise de utilizadores do LinkedIn Insights e Tags de an\u00fancios<\/td><td>Linkedin<\/td><\/tr><tr><td>UserMatchHistory<\/td><td>cookie<\/td><td>30 dias<\/td><td>Usado para an\u00e1lise de utilizadores do LinkedIn Insights e Tags de an\u00fancios<\/td><td>Linkedin<\/td><\/tr><tr><td>lms_analytics<\/td><td>cookie<\/td><td>30 dias<br><\/td><td>Utilizado para identificar utilizadores do LinkedIn nos pa\u00edses designados para an\u00e1lises<\/td><td>Linkedin<\/td><\/tr><tr><td>AnalyticsSyncHistory<\/td><td>cookie<\/td><td>30 dias<\/td><td>Usado para armazenar informa\u00e7\u00f5es sobre o hor\u00e1rio em que uma sincroniza\u00e7\u00e3o com o cookie lms_analytics ocorreu para usu\u00e1rios nos pa\u00edses designados<\/td><td>Linkedin<\/td><\/tr><tr><td>bcookie<\/td><td>cookie<\/td><td>2 anos<\/td><td>Guarda informa\u00e7\u00e3o do browser utilizado<\/td><td>Linkedin<\/td><\/tr><tr><td>lms_ads<\/td><td><\/td><td><\/td><td>Utilizado para identificar utilizadores LinkedIn fora do LinkedIn nos pa\u00edses designados para publicidade<\/td><td>Linkedin<\/td><\/tr><tr><td><\/td><td><\/td><td><\/td><td><\/td><td><\/td><\/tr><tr><td>c_user<\/td><td>cookie<\/td><td>3 meses<\/td><td>Guarda informa\u00e7\u00e3o do ID de Facebook do utilizador<\/td><td>Facebook<\/td><\/tr><tr><td>datr<\/td><td>cookie<\/td><td>2 anos<\/td><td>Guarda informa\u00e7\u00e3o do browser utilizado<\/td><td>Facebook<\/td><\/tr><tr><td>sb<\/td><td>cookie<\/td><td>2 anos<\/td><td>Este cookie permite que o website seja integrado ao Facebook.<\/td><td>Facebook<\/td><\/tr><tr><td>spin<\/td><td>cookie<\/td><td>1 dia<\/td><td>Permite que os an\u00fancios do utilizador sejam adaptados \u00e0s suas prefer\u00eancias.<\/td><td>Facebook<\/td><\/tr><tr><td>xs<\/td><td>cookie<\/td><td>3 meses<\/td><td>Cont\u00e9m v\u00e1rias informa\u00e7\u00f5es, separadas por dois pontos. O primeiro valor \u00e9 um n\u00famero de at\u00e9 dois d\u00edgitos que representa o n\u00famero da sess\u00e3o. A segunda parte do valor \u00e9 um segredo de sess\u00e3o. O terceiro componente opcional \u00e9 um sinalizador \u2018seguro\u2019 para se o usu\u00e1rio habilitou o recurso de navega\u00e7\u00e3o segura.<\/td><td>Facebook<\/td><\/tr><tr><td>fr<\/td><td>cookie<\/td><td>3 meses<\/td><td>Habilitar entrega de an\u00fancios ou remarkting<\/td><td>Facebook<\/td><\/tr><\/tbody><\/table><\/figure>\n\n\n\n<p>used and \/ or accepted can be made in the &#8220;Options&#8221; or &#8220;Browser Preferences&#8221; section.<\/p>\n\n\n\n<p>Here are some instructions to block the use of cookies for the most common internet browsers:<\/p>\n\n\n\n<p>Users can choose not to share their data with Google services. To do so, they must access the Ads Preferences Manager and the Analytics Opt-out Browser Add-on.<\/p>\n\n\n\n<p>Google Chrome:<br>\u2022 http:\/\/support.google.com\/chrome\/bin\/answer.py?hl=pt&amp;answer=95647<\/p>\n\n\n\n<p>Internet Explorer:<br>\u2022 http:\/\/windows.microsoft.com\/pt-pt\/windows7\/how-to-manage-cookies-in-internet-explorer-9<\/p>\n\n\n\n<p>Mozilla Firefox:<br>\u2022 https:\/\/support.mozilla.org\/pt-PT\/kb\/ativar-e-desativar-cookies-que-os-websites-utiliza<\/p>\n\n\n\n<p>Apple Safari:<br>\u2022 https:\/\/support.apple.com\/pt-pt\/HT201265<\/p>\n\n\n\n<h3 class=\"wp-block-heading\">Other services<\/h3>\n\n\n\n<p>Other services that may appear later and that require the introduction of personal data and \/ or the respective entities are covered by the privacy and security policy of the Verde L\u00edrios Villas website referred to in this document.<\/p>\n\n\n\n<p><strong>Links<\/strong><br>Our website contains links to other websites. The Verde L\u00edrios Villas website is not responsible for the privacy policies or content of these sites.<\/p>\n\n\n\n<h2 class=\"wp-block-heading\">Altera\u00e7\u00f5es a esta Pol\u00edtica<\/h2>\n\n\n\n<p>If Verde L\u00edrios Villas changes its privacy practices, you can always keep up to date here.<\/p>\n\n\n\n<p>Vers\u00e3o: 1.0 (15\/02\/2021)<\/p>\n","protected":false},"excerpt":{"rendered":"<p>What are cookies? Cookies are small pieces of text stored on your computer through your browser. Usually, they are used to facilitate navigation and store [&hellip;]<\/p>\n","protected":false},"author":1,"featured_media":0,"parent":0,"menu_order":0,"comment_status":"closed","ping_status":"closed","template":"privacy.php","meta":{"footnotes":""},"class_list":["post-867","page","type-page","status-publish","hentry"],"_links":{"self":[{"href":"https:\/\/verdesliriosvillas.com\/en\/wp-json\/wp\/v2\/pages\/867","targetHints":{"allow":["GET"]}}],"collection":[{"href":"https:\/\/verdesliriosvillas.com\/en\/wp-json\/wp\/v2\/pages"}],"about":[{"href":"https:\/\/verdesliriosvillas.com\/en\/wp-json\/wp\/v2\/types\/page"}],"author":[{"embeddable":true,"href":"https:\/\/verdesliriosvillas.com\/en\/wp-json\/wp\/v2\/users\/1"}],"replies":[{"embeddable":true,"href":"https:\/\/verdesliriosvillas.com\/en\/wp-json\/wp\/v2\/comments?post=867"}],"version-history":[{"count":2,"href":"https:\/\/verdesliriosvillas.com\/en\/wp-json\/wp\/v2\/pages\/867\/revisions"}],"predecessor-version":[{"id":886,"href":"https:\/\/verdesliriosvillas.com\/en\/wp-json\/wp\/v2\/pages\/867\/revisions\/886"}],"wp:attachment":[{"href":"https:\/\/verdesliriosvillas.com\/en\/wp-json\/wp\/v2\/media?parent=867"}],"curies":[{"name":"wp","href":"https:\/\/api.w.org\/{rel}","templated":true}]}}