{"id":870,"date":"2021-01-19T09:54:18","date_gmt":"2021-01-19T09:54:18","guid":{"rendered":"https:\/\/verdesliriosvillas.com\/resolucao-alternativa-de-litigios\/"},"modified":"2021-06-07T12:55:40","modified_gmt":"2021-06-07T11:55:40","slug":"alternative-dispute-resolution","status":"publish","type":"page","link":"https:\/\/verdesliriosvillas.com\/en\/alternative-dispute-resolution\/","title":{"rendered":"Alternative Dispute Resolution"},"content":{"rendered":"\n<p>De acordo com a Lei n\u00ba 144\/2015 informamos que em caso de lit\u00edgio, o foro competente para onde o consumidor poder\u00e1 recorrer, ser\u00e1:<\/p>\n\n\n\n<h5 class=\"wp-block-heading\">Viana do Castelo<\/h5>\n\n\n\n<p>Av.Rocha Paris, 103 4900-394 Viana do Castelo<br>Tel: 258 809 335 | Fax: 258 809 389<br>ciab.viana@cm-viana-castelo.pt<\/p>\n\n\n\n<h5 class=\"wp-block-heading\">Braga<\/h5>\n\n\n\n<p>Rua D.Afonso Henriques,1 4700-030 Braga<br>Tel: 253 617 604 | Fax: 253 617 605<br>geral@ciab.pt | www.ciab.pt<\/p>\n","protected":false},"excerpt":{"rendered":"<p>De acordo com a Lei n\u00ba 144\/2015 informamos que em caso de lit\u00edgio, o foro competente para onde o consumidor poder\u00e1 recorrer, ser\u00e1: Viana do [&hellip;]<\/p>\n","protected":false},"author":1,"featured_media":0,"parent":0,"menu_order":0,"comment_status":"closed","ping_status":"closed","template":"privacy.php","meta":{"footnotes":""},"class_list":["post-870","page","type-page","status-publish","hentry"],"_links":{"self":[{"href":"https:\/\/verdesliriosvillas.com\/en\/wp-json\/wp\/v2\/pages\/870","targetHints":{"allow":["GET"]}}],"collection":[{"href":"https:\/\/verdesliriosvillas.com\/en\/wp-json\/wp\/v2\/pages"}],"about":[{"href":"https:\/\/verdesliriosvillas.com\/en\/wp-json\/wp\/v2\/types\/page"}],"author":[{"embeddable":true,"href":"https:\/\/verdesliriosvillas.com\/en\/wp-json\/wp\/v2\/users\/1"}],"replies":[{"embeddable":true,"href":"https:\/\/verdesliriosvillas.com\/en\/wp-json\/wp\/v2\/comments?post=870"}],"version-history":[{"count":1,"href":"https:\/\/verdesliriosvillas.com\/en\/wp-json\/wp\/v2\/pages\/870\/revisions"}],"predecessor-version":[{"id":882,"href":"https:\/\/verdesliriosvillas.com\/en\/wp-json\/wp\/v2\/pages\/870\/revisions\/882"}],"wp:attachment":[{"href":"https:\/\/verdesliriosvillas.com\/en\/wp-json\/wp\/v2\/media?parent=870"}],"curies":[{"name":"wp","href":"https:\/\/api.w.org\/{rel}","templated":true}]}}